{"id":15188,"date":"2021-07-13T08:08:49","date_gmt":"2021-07-13T08:08:49","guid":{"rendered":"https:\/\/turipano360.eu\/espivimon.com\/politica-de-privacidad\/"},"modified":"2021-07-20T09:30:50","modified_gmt":"2021-07-20T09:30:50","slug":"politica-de-privacitat","status":"publish","type":"page","link":"https:\/\/www.espivimon.com\/ca\/politica-de-privacitat\/","title":{"rendered":"Pol\u00edtica de privacitat"},"content":{"rendered":"\t\t<div data-elementor-type=\"wp-page\" data-elementor-id=\"15188\" class=\"elementor elementor-15188 elementor-15004\" data-elementor-settings=\"[]\">\n\t\t\t\t\t\t<div class=\"elementor-inner\">\n\t\t\t\t\t\t\t<div class=\"elementor-section-wrap\">\n\t\t\t\t\t\t\t<section class=\"elementor-section elementor-top-section elementor-element elementor-element-d4461f4 elementor-section-boxed elementor-section-height-default elementor-section-height-default\" data-id=\"d4461f4\" data-element_type=\"section\">\n\t\t\t\t\t\t<div class=\"elementor-container elementor-column-gap-default\">\n\t\t\t\t\t\t\t<div class=\"elementor-row\">\n\t\t\t\t\t<div class=\"elementor-column elementor-col-100 elementor-top-column elementor-element elementor-element-049dcb6\" data-id=\"049dcb6\" data-element_type=\"column\">\n\t\t\t<div class=\"elementor-column-wrap elementor-element-populated\">\n\t\t\t\t\t\t\t<div class=\"elementor-widget-wrap\">\n\t\t\t\t\t\t<div class=\"elementor-element elementor-element-688b217 elementor-widget elementor-widget-text-editor\" data-id=\"688b217\" data-element_type=\"widget\" data-widget_type=\"text-editor.default\">\n\t\t\t\t<div class=\"elementor-widget-container\">\n\t\t\t\t\t\t\t\t<div class=\"elementor-text-editor elementor-clearfix\">\n\t\t\t\t\t<p>ESPIVIMON SL est\u00e0 especialment sensibilitzada en la protecci\u00f3 de dades de car\u00e0cter personal dels Usuaris dels serveis de la p\u00e0gina web. Mitjan\u00e7ant la present Pol\u00edtica de Privacitat (en endavant, la Pol\u00edtica) ESPIVIMON SL, informa als USUARIS d&#8217;aquest lloc web, dels usos a qu\u00e8 es sotmeten les dades de car\u00e0cter personal que es recapten al lloc web, amb la finalitat de que decideixin, lliure i volunt\u00e0riament, si desitgen facilitar la informaci\u00f3 sol\u00b7licitada.<\/p><p>ESPIVIMON SL es reserva la facultat de modificar aquesta Pol\u00edtica amb l&#8217;objecte d&#8217;adaptar-la a novetats legislatives, criteris jurisprudencials, pr\u00e0ctiques de el sector, o interessos de l&#8217;entitat. Qualsevol modificaci\u00f3 en la mateixa ser\u00e0 anunciada amb la deguda antelaci\u00f3, a fi que tingui perfecte coneixement del seu contingut.<\/p><p><strong>RESPONSABLE<\/strong><\/p><p>El responsable de l&#8217;Tractament de les dades de car\u00e0cter personal \u00e9s:<\/p><p>Identitat: ESPIVIMON SL amb CIF \/ NIF: B63452726, d&#8217;ara endavant ENTITAT<\/p><p>Direcci\u00f3: Carrer Sant Andreu, 4, 08228, Terrassa, Barcelona<\/p><p>Correu electr\u00f2nic: juanespinar@espivimon.com<\/p><p><strong>FINALITAT DEL TRACTAMENT<\/strong><\/p><p>La recollida i tractament de les dades personals recollides mitjan\u00e7ant el formulari de contacte, t\u00e9 com a finalitat la gesti\u00f3, administraci\u00f3, prestaci\u00f3, ampliaci\u00f3 i millora dels serveis prestats per ESPIVIMON SL, atenent a les sol\u00b7licituds d&#8217;informaci\u00f3 i \/ o consultes plantejades.<\/p><p><strong>TERMINI DE CONSERVACI\u00d3<\/strong><\/p><p>Les dades personals proporcionades es conservaran durant el termini corresponent per complir amb les obligacions legals, o fins que se sol\u00b7liciti la seva supressi\u00f3 per l&#8217;interessat i aquest estigui legitimat per a aix\u00f2.<\/p><p><strong>LEGITIMACI\u00d3<\/strong><\/p><p>ESPIVIMON SL est\u00e0 legitimat a el tractament de dades personals, basant-se el consentiment atorgat per l&#8217;interessat per un o diversos fins espec\u00edfics, tal com recull l&#8217;article 6.1.a) de l&#8217;Reglament General de Protecci\u00f3 de dades personals.<\/p><p><strong>DESTINATARIS<\/strong><\/p><p>Les dades personals recollides no seran cedides o comunicades a altres tercers, excepte en els sup\u00f2sits necessaris per al desenvolupament, control i compliment de la \/ les finalitat \/ s expressada \/ s, en els sup\u00f2sits previstos segons Llei, aix\u00ed com en els casos espec\u00edfics, dels que s&#8217;informi expressament a l&#8217;Usuari.<\/p><p><strong>DRETS DELS USUARIS:<\/strong> Quins s\u00f3n els seus drets quan ens facilita les seves dades?<\/p><p>Acc\u00e9s: L&#8217;interessat t\u00e9 dret a saber quines dades est\u00e0 tractant l&#8217;ENTITAT sobre ell.<br \/>Rectificaci\u00f3: L&#8217;interessat t\u00e9 dret a sol\u00b7licitar la rectificaci\u00f3 de les dades inexactes.<br \/>Supressi\u00f3: L&#8217;interessat t\u00e9 dret a sol\u00b7licitar la supressi\u00f3 de les seves dades quan, entre altres motius, les dades no siguin necessaris per als fins que van ser recollides.<br \/>Limitaci\u00f3 de l&#8217;tractament: En determinades circumst\u00e0ncies l&#8217;interessat podr\u00e0 sol\u00b7licitar la limitaci\u00f3 de l&#8217;tractament de les seves dades, en aquest cas \u00fanicament els conservarem per a l&#8217;exercici o la defensa de reclamacions.<br \/>Oposici\u00f3: En determinades circumst\u00e0ncies l&#8217;interessat podr\u00e0 oposar-se a el tractament de les seves dades. En aquest cas l&#8217;ENTITAT deixar\u00e0 de tractar les seves dades, excepte per motius leg\u00edtims imperiosos o l&#8217;exercici o la defensa de possibles reclamacions.<br \/>Portabilitat de les dades: Nom\u00e9s aplicable a dades automatitzades i consisteix en passar les dades des de la ENTITAT a un altre nou RESPONSABLE DEL TRACTAMENT (no a l&#8217;interessat i per sol\u00b7licitud de la mateixa).<\/p><p>Pot vost\u00e8 exercir els seus drets incl\u00f2s el dret a retirar el seu consentiment (si aquest va ser atorgat) enviant un escrit acompanyat del seu DNI a ESPIVIMON SL en Carrer Sant Andreu, 4, 08228, Terrassa, Barcelona o enviant un correu electr\u00f2nic a juanespinar@espivimon .com<\/p><p>A m\u00e9s t\u00e9 vost\u00e8 dret a presentar una reclamaci\u00f3 davant l&#8217;Autoritat de Control en mat\u00e8ria de protecci\u00f3 de dades, actualment l&#8217;Ag\u00e8ncia Espanyola de Protecci\u00f3 de Dades.<\/p><p><strong>MESURES DE SEGURETAT<\/strong><\/p><p>El responsable de l&#8217;tractament ESPIVIMON SL aplicar\u00e0 mesures t\u00e8cniques i organitzatives apropiades per garantir un nivell de seguretat adequat a el risc d&#8217;ell mateix.<\/p><p><strong>TRANSFER\u00c8NCIES INTERNACIONALS<\/strong><\/p><p>No es realitzen transfer\u00e8ncies internacionals.<\/p><p><strong>PERFILS I PRESES DE DECISIONS AUTOMATITZADES<\/strong><\/p><p>No s&#8217;elaboren perfils, no es prenen decisions automatitzades amb les dades facilitades per l&#8217;usuari.<\/p>\t\t\t\t\t<\/div>\n\t\t\t\t\t\t<\/div>\n\t\t\t\t<\/div>\n\t\t\t\t\t\t<\/div>\n\t\t\t\t\t<\/div>\n\t\t<\/div>\n\t\t\t\t\t\t\t\t<\/div>\n\t\t\t\t\t<\/div>\n\t\t<\/section>\n\t\t\t\t\t\t<\/div>\n\t\t\t\t\t\t<\/div>\n\t\t\t\t\t<\/div>\n\t\t","protected":false},"excerpt":{"rendered":"<p>ESPIVIMON SL est\u00e0 especialment sensibilitzada en la protecci\u00f3 de dades de car\u00e0cter personal dels Usuaris dels serveis de la p\u00e0gina web. Mitjan\u00e7ant la present Pol\u00edtica de Privacitat (en endavant, la Pol\u00edtica) ESPIVIMON SL, informa als USUARIS d&#8217;aquest lloc web, dels usos a qu\u00e8 es sotmeten les dades de car\u00e0cter personal que es recapten al lloc [&hellip;]<\/p>\n","protected":false},"author":1,"featured_media":0,"parent":0,"menu_order":0,"comment_status":"closed","ping_status":"closed","template":"","meta":[],"yoast_head":"<!-- This site is optimized with the Yoast SEO plugin v17.1 - https:\/\/yoast.com\/wordpress\/plugins\/seo\/ -->\n<title>Pol\u00edtica de privacitat - Espivimon<\/title>\n<meta name=\"robots\" content=\"noindex, nofollow\" \/>\n<meta property=\"og:locale\" content=\"ca_ES\" \/>\n<meta property=\"og:type\" content=\"article\" \/>\n<meta property=\"og:title\" content=\"Pol\u00edtica de privacitat - Espivimon\" \/>\n<meta property=\"og:description\" content=\"ESPIVIMON SL est\u00e0 especialment sensibilitzada en la protecci\u00f3 de dades de car\u00e0cter personal dels Usuaris dels serveis de la p\u00e0gina web. Mitjan\u00e7ant la present Pol\u00edtica de Privacitat (en endavant, la Pol\u00edtica) ESPIVIMON SL, informa als USUARIS d&#8217;aquest lloc web, dels usos a qu\u00e8 es sotmeten les dades de car\u00e0cter personal que es recapten al lloc [&hellip;]\" \/>\n<meta property=\"og:url\" content=\"https:\/\/www.espivimon.com\/ca\/politica-de-privacitat\/\" \/>\n<meta property=\"og:site_name\" content=\"Espivimon\" \/>\n<meta property=\"article:modified_time\" content=\"2021-07-20T09:30:50+00:00\" \/>\n<meta name=\"twitter:card\" content=\"summary_large_image\" \/>\n<meta name=\"twitter:label1\" content=\"Temps estimat de lectura\" \/>\n\t<meta name=\"twitter:data1\" content=\"3 minuts\" \/>\n<script type=\"application\/ld+json\" class=\"yoast-schema-graph\">{\"@context\":\"https:\/\/schema.org\",\"@graph\":[{\"@type\":\"WebSite\",\"@id\":\"https:\/\/www.espivimon.com\/#website\",\"url\":\"https:\/\/www.espivimon.com\/\",\"name\":\"Espivimon\",\"description\":\"\",\"potentialAction\":[{\"@type\":\"SearchAction\",\"target\":{\"@type\":\"EntryPoint\",\"urlTemplate\":\"https:\/\/www.espivimon.com\/?s={search_term_string}\"},\"query-input\":\"required name=search_term_string\"}],\"inLanguage\":\"ca\"},{\"@type\":\"WebPage\",\"@id\":\"https:\/\/www.espivimon.com\/ca\/politica-de-privacitat\/#webpage\",\"url\":\"https:\/\/www.espivimon.com\/ca\/politica-de-privacitat\/\",\"name\":\"Pol\\u00edtica de privacitat - Espivimon\",\"isPartOf\":{\"@id\":\"https:\/\/www.espivimon.com\/#website\"},\"datePublished\":\"2021-07-13T08:08:49+00:00\",\"dateModified\":\"2021-07-20T09:30:50+00:00\",\"breadcrumb\":{\"@id\":\"https:\/\/www.espivimon.com\/ca\/politica-de-privacitat\/#breadcrumb\"},\"inLanguage\":\"ca\",\"potentialAction\":[{\"@type\":\"ReadAction\",\"target\":[\"https:\/\/www.espivimon.com\/ca\/politica-de-privacitat\/\"]}]},{\"@type\":\"BreadcrumbList\",\"@id\":\"https:\/\/www.espivimon.com\/ca\/politica-de-privacitat\/#breadcrumb\",\"itemListElement\":[{\"@type\":\"ListItem\",\"position\":1,\"name\":\"Portada\",\"item\":\"https:\/\/www.espivimon.com\/ca\/\"},{\"@type\":\"ListItem\",\"position\":2,\"name\":\"Pol\\u00edtica de privacitat\"}]}]}<\/script>\n<!-- \/ Yoast SEO plugin. -->","yoast_head_json":{"title":"Pol\u00edtica de privacitat - Espivimon","robots":{"index":"noindex","follow":"nofollow"},"og_locale":"ca_ES","og_type":"article","og_title":"Pol\u00edtica de privacitat - Espivimon","og_description":"ESPIVIMON SL est\u00e0 especialment sensibilitzada en la protecci\u00f3 de dades de car\u00e0cter personal dels Usuaris dels serveis de la p\u00e0gina web. Mitjan\u00e7ant la present Pol\u00edtica de Privacitat (en endavant, la Pol\u00edtica) ESPIVIMON SL, informa als USUARIS d&#8217;aquest lloc web, dels usos a qu\u00e8 es sotmeten les dades de car\u00e0cter personal que es recapten al lloc [&hellip;]","og_url":"https:\/\/www.espivimon.com\/ca\/politica-de-privacitat\/","og_site_name":"Espivimon","article_modified_time":"2021-07-20T09:30:50+00:00","twitter_card":"summary_large_image","twitter_misc":{"Temps estimat de lectura":"3 minuts"},"schema":{"@context":"https:\/\/schema.org","@graph":[{"@type":"WebSite","@id":"https:\/\/www.espivimon.com\/#website","url":"https:\/\/www.espivimon.com\/","name":"Espivimon","description":"","potentialAction":[{"@type":"SearchAction","target":{"@type":"EntryPoint","urlTemplate":"https:\/\/www.espivimon.com\/?s={search_term_string}"},"query-input":"required name=search_term_string"}],"inLanguage":"ca"},{"@type":"WebPage","@id":"https:\/\/www.espivimon.com\/ca\/politica-de-privacitat\/#webpage","url":"https:\/\/www.espivimon.com\/ca\/politica-de-privacitat\/","name":"Pol\u00edtica de privacitat - Espivimon","isPartOf":{"@id":"https:\/\/www.espivimon.com\/#website"},"datePublished":"2021-07-13T08:08:49+00:00","dateModified":"2021-07-20T09:30:50+00:00","breadcrumb":{"@id":"https:\/\/www.espivimon.com\/ca\/politica-de-privacitat\/#breadcrumb"},"inLanguage":"ca","potentialAction":[{"@type":"ReadAction","target":["https:\/\/www.espivimon.com\/ca\/politica-de-privacitat\/"]}]},{"@type":"BreadcrumbList","@id":"https:\/\/www.espivimon.com\/ca\/politica-de-privacitat\/#breadcrumb","itemListElement":[{"@type":"ListItem","position":1,"name":"Portada","item":"https:\/\/www.espivimon.com\/ca\/"},{"@type":"ListItem","position":2,"name":"Pol\u00edtica de privacitat"}]}]}},"_links":{"self":[{"href":"https:\/\/www.espivimon.com\/ca\/wp-json\/wp\/v2\/pages\/15188"}],"collection":[{"href":"https:\/\/www.espivimon.com\/ca\/wp-json\/wp\/v2\/pages"}],"about":[{"href":"https:\/\/www.espivimon.com\/ca\/wp-json\/wp\/v2\/types\/page"}],"author":[{"embeddable":true,"href":"https:\/\/www.espivimon.com\/ca\/wp-json\/wp\/v2\/users\/1"}],"replies":[{"embeddable":true,"href":"https:\/\/www.espivimon.com\/ca\/wp-json\/wp\/v2\/comments?post=15188"}],"version-history":[{"count":4,"href":"https:\/\/www.espivimon.com\/ca\/wp-json\/wp\/v2\/pages\/15188\/revisions"}],"predecessor-version":[{"id":15192,"href":"https:\/\/www.espivimon.com\/ca\/wp-json\/wp\/v2\/pages\/15188\/revisions\/15192"}],"wp:attachment":[{"href":"https:\/\/www.espivimon.com\/ca\/wp-json\/wp\/v2\/media?parent=15188"}],"curies":[{"name":"wp","href":"https:\/\/api.w.org\/{rel}","templated":true}]}}