{"id":15184,"date":"2021-07-13T08:05:33","date_gmt":"2021-07-13T08:05:33","guid":{"rendered":"https:\/\/turipano360.eu\/espivimon.com\/politica-de-cookies\/"},"modified":"2021-07-20T09:25:46","modified_gmt":"2021-07-20T09:25:46","slug":"politica-de-cookies","status":"publish","type":"page","link":"https:\/\/www.espivimon.com\/ca\/politica-de-cookies\/","title":{"rendered":"Pol\u00edtica de cookies"},"content":{"rendered":"\t\t<div data-elementor-type=\"wp-page\" data-elementor-id=\"15184\" class=\"elementor elementor-15184 elementor-14995\" data-elementor-settings=\"[]\">\n\t\t\t\t\t\t<div class=\"elementor-inner\">\n\t\t\t\t\t\t\t<div class=\"elementor-section-wrap\">\n\t\t\t\t\t\t\t<section class=\"elementor-section elementor-top-section elementor-element elementor-element-21f5b22 elementor-section-boxed elementor-section-height-default elementor-section-height-default\" data-id=\"21f5b22\" data-element_type=\"section\">\n\t\t\t\t\t\t<div class=\"elementor-container elementor-column-gap-default\">\n\t\t\t\t\t\t\t<div class=\"elementor-row\">\n\t\t\t\t\t<div class=\"elementor-column elementor-col-100 elementor-top-column elementor-element elementor-element-4b0325c\" data-id=\"4b0325c\" data-element_type=\"column\">\n\t\t\t<div class=\"elementor-column-wrap elementor-element-populated\">\n\t\t\t\t\t\t\t<div class=\"elementor-widget-wrap\">\n\t\t\t\t\t\t<div class=\"elementor-element elementor-element-02ea3cd elementor-widget elementor-widget-text-editor\" data-id=\"02ea3cd\" data-element_type=\"widget\" data-widget_type=\"text-editor.default\">\n\t\t\t\t<div class=\"elementor-widget-container\">\n\t\t\t\t\t\t\t\t<div class=\"elementor-text-editor elementor-clearfix\">\n\t\t\t\t\t<p>En compliment amb el que disposa l&#8217;article 22.2 de la Llei 34\/2002, de 11 de juliol, de Serveis de la Societat de la Informaci\u00f3 i de Comer\u00e7 Electr\u00f2nic, aquesta p\u00e0gina web l&#8217;informa, en aquesta secci\u00f3, sobre la pol\u00edtica de recollida i tractament de cookies.<\/p><p><strong>QU\u00c8 S\u00d3N LES COOKIES?<\/strong><\/p><p>Una galeta \u00e9s un fitxer que es descarrega al seu ordinador a l&#8217;accedir a determinades p\u00e0gines web. Les cookies permeten a una p\u00e0gina web, entre altres coses, emmagatzemar i recuperar informaci\u00f3 sobre els h\u00e0bits de navegaci\u00f3 d&#8217;un usuari o del seu equip i, depenent de la informaci\u00f3 que continguin i de la forma en qu\u00e8 utilitzi el seu equip, es poden utilitzar per recon\u00e8ixer a l&#8217;usuari.<\/p><p><strong>QU\u00c8 TIPUS DE COOKIES UTILITZA AQUESTA P\u00c0GINA WEB?<\/strong><\/p><p>Aquesta p\u00e0gina web utilitza els seg\u00fcents tipus de galetes:<\/p><p>Galetes d&#8217;an\u00e0lisi: S\u00f3n aquelles que ben tractades per nosaltres o per tercers, ens permeten quantificar el nombre d&#8217;usuaris i aix\u00ed realitzar el mesurament i an\u00e0lisi estad\u00edstica de la utilitzaci\u00f3 que fan els usuaris de el servei ofert. Per aix\u00f2 s&#8217;analitza la seva navegaci\u00f3 a la nostra p\u00e0gina web per tal de millorar l&#8217;oferta de productes o serveis que li oferim.<\/p><p>Galetes t\u00e8cniques: S\u00f3n aquelles que permeten a l&#8217;usuari la navegaci\u00f3 a trav\u00e9s de l&#8217;\u00e0rea restringida i la utilitzaci\u00f3 dels seus diferents funcions, com per exemple, portar a canvi el proc\u00e9s de compra d&#8217;un article.<\/p><p>Galetes de personalitzaci\u00f3: S\u00f3n aquelles que permeten a l&#8217;usuari accedir a el servei amb algunes caracter\u00edstiques de car\u00e0cter general predefinides en funci\u00f3 d&#8217;una s\u00e8rie de criteris en el terminal de l&#8217;usuari com ara serien l&#8217;idioma o el tipus de navegador a trav\u00e9s del qual es connecta a l&#8217; servei.<\/p><p>Galetes publicit\u00e0ries: S\u00f3n aquelles que, ben tractades per aquesta web o per tercers, permeten gestionar de la forma m\u00e9s efica\u00e7 possible l&#8217;oferta dels espais publicitaris que hi ha a la p\u00e0gina web, adequant el contingut de l&#8217;anunci a l&#8217;contingut de l&#8217;servei sol\u00b7licitat o a l&#8217;\u00fas que realitzi de la nostra p\u00e0gina web. Per a aix\u00f2 podem analitzar els seus h\u00e0bits de navegaci\u00f3 a Internet i podem mostrar publicitat relacionada amb el seu perfil de navegaci\u00f3.<\/p><p>Galetes de Tercers: Aquesta p\u00e0gina web utilitza serveis de tercers per recopilar informaci\u00f3 amb fins estad\u00edstics i d&#8217;\u00fas de la web. En concret, fem servir els serveis de Google Analytics per a les nostres estad\u00edstiques i publicitat. Algunes cookies s\u00f3n essencials per al funcionament de el lloc, per exemple el cercador incorporat.<\/p><p>El nostre lloc inclou altres funcionalitats proporcionades per tercers. Vost\u00e8 pot f\u00e0cilment compartir el contingut en xarxes socials com Facebook o Twitter, amb els botons que hem incl\u00f2s a aquest efecte.<\/p><p><strong>INHABILITA LES COOKIES.<\/strong><\/p><p>Pot vost\u00e8 permetre, bloquejar o eliminar les cookies instal\u00b7lades en el seu equip mitjan\u00e7ant la configuraci\u00f3 de les opcions de el navegador en el vostre ordinador.<br \/>En la majoria dels navegadors web s&#8217;ofereix la possibilitat de permetre, bloquejar o eliminar les cookies instal\u00b7lades en el seu equip.<br \/>A continuaci\u00f3 pot accedir a la configuraci\u00f3 dels navegadors webs m\u00e9s<br \/>freq\u00fcents per acceptar, instal\u00b7lar o desactivar les galetes:<br \/>Configura galetes a Google Chrome: http:\/\/support.google.com\/chrome\/answer\/95647?hl=es<br \/>Configura galetes a Microsoft Internet Explorer: http:\/\/windows.microsoft.com\/es-xl\/internet-explorer\/delete-manage-<br \/>Configura galetes de Mozilla Firefox: https:\/\/support.mozilla.org\/es\/kb\/Deshabilitar%20cookies%20de%20terceros<br \/>Configura galetes al Safari (Apple): http:\/\/support.apple.com\/kb\/ph5042<br \/>Configura galetes en Opera: http:\/\/help.opera.com\/Windows\/11.50\/es-ES\/cookies.html<\/p><p><strong>ADVERT\u00c8NCIA SOBRE ELIMINAR COOKIES.<\/strong><\/p><p>Vost\u00e8 pot eliminar i bloquejar totes les galetes d&#8217;aquest lloc, per\u00f2 part de el lloc no funcionar\u00e0 o la qualitat de la p\u00e0gina web es pot veure afectada.<br \/>Si t\u00e9 qualsevol dubte sobre la nostra pol\u00edtica de cookies, pot contactar amb aquesta p\u00e0gina web a trav\u00e9s dels nostres canals de Contacte.<\/p>\t\t\t\t\t<\/div>\n\t\t\t\t\t\t<\/div>\n\t\t\t\t<\/div>\n\t\t\t\t\t\t<\/div>\n\t\t\t\t\t<\/div>\n\t\t<\/div>\n\t\t\t\t\t\t\t\t<\/div>\n\t\t\t\t\t<\/div>\n\t\t<\/section>\n\t\t\t\t\t\t<\/div>\n\t\t\t\t\t\t<\/div>\n\t\t\t\t\t<\/div>\n\t\t","protected":false},"excerpt":{"rendered":"<p>En compliment amb el que disposa l&#8217;article 22.2 de la Llei 34\/2002, de 11 de juliol, de Serveis de la Societat de la Informaci\u00f3 i de Comer\u00e7 Electr\u00f2nic, aquesta p\u00e0gina web l&#8217;informa, en aquesta secci\u00f3, sobre la pol\u00edtica de recollida i tractament de cookies. QU\u00c8 S\u00d3N LES COOKIES? Una galeta \u00e9s un fitxer que es [&hellip;]<\/p>\n","protected":false},"author":1,"featured_media":0,"parent":0,"menu_order":0,"comment_status":"closed","ping_status":"closed","template":"","meta":[],"yoast_head":"<!-- This site is optimized with the Yoast SEO plugin v17.1 - https:\/\/yoast.com\/wordpress\/plugins\/seo\/ -->\n<title>Pol\u00edtica de cookies - Espivimon<\/title>\n<meta name=\"robots\" content=\"noindex, nofollow\" \/>\n<meta property=\"og:locale\" content=\"ca_ES\" \/>\n<meta property=\"og:type\" content=\"article\" \/>\n<meta property=\"og:title\" content=\"Pol\u00edtica de cookies - Espivimon\" \/>\n<meta property=\"og:description\" content=\"En compliment amb el que disposa l&#8217;article 22.2 de la Llei 34\/2002, de 11 de juliol, de Serveis de la Societat de la Informaci\u00f3 i de Comer\u00e7 Electr\u00f2nic, aquesta p\u00e0gina web l&#8217;informa, en aquesta secci\u00f3, sobre la pol\u00edtica de recollida i tractament de cookies. QU\u00c8 S\u00d3N LES COOKIES? Una galeta \u00e9s un fitxer que es [&hellip;]\" \/>\n<meta property=\"og:url\" content=\"https:\/\/www.espivimon.com\/ca\/politica-de-cookies\/\" \/>\n<meta property=\"og:site_name\" content=\"Espivimon\" \/>\n<meta property=\"article:modified_time\" content=\"2021-07-20T09:25:46+00:00\" \/>\n<meta name=\"twitter:card\" content=\"summary_large_image\" \/>\n<meta name=\"twitter:label1\" content=\"Temps estimat de lectura\" \/>\n\t<meta name=\"twitter:data1\" content=\"3 minuts\" \/>\n<script type=\"application\/ld+json\" class=\"yoast-schema-graph\">{\"@context\":\"https:\/\/schema.org\",\"@graph\":[{\"@type\":\"WebSite\",\"@id\":\"https:\/\/www.espivimon.com\/#website\",\"url\":\"https:\/\/www.espivimon.com\/\",\"name\":\"Espivimon\",\"description\":\"\",\"potentialAction\":[{\"@type\":\"SearchAction\",\"target\":{\"@type\":\"EntryPoint\",\"urlTemplate\":\"https:\/\/www.espivimon.com\/?s={search_term_string}\"},\"query-input\":\"required name=search_term_string\"}],\"inLanguage\":\"ca\"},{\"@type\":\"WebPage\",\"@id\":\"https:\/\/www.espivimon.com\/ca\/politica-de-cookies\/#webpage\",\"url\":\"https:\/\/www.espivimon.com\/ca\/politica-de-cookies\/\",\"name\":\"Pol\\u00edtica de cookies - Espivimon\",\"isPartOf\":{\"@id\":\"https:\/\/www.espivimon.com\/#website\"},\"datePublished\":\"2021-07-13T08:05:33+00:00\",\"dateModified\":\"2021-07-20T09:25:46+00:00\",\"breadcrumb\":{\"@id\":\"https:\/\/www.espivimon.com\/ca\/politica-de-cookies\/#breadcrumb\"},\"inLanguage\":\"ca\",\"potentialAction\":[{\"@type\":\"ReadAction\",\"target\":[\"https:\/\/www.espivimon.com\/ca\/politica-de-cookies\/\"]}]},{\"@type\":\"BreadcrumbList\",\"@id\":\"https:\/\/www.espivimon.com\/ca\/politica-de-cookies\/#breadcrumb\",\"itemListElement\":[{\"@type\":\"ListItem\",\"position\":1,\"name\":\"Portada\",\"item\":\"https:\/\/www.espivimon.com\/ca\/\"},{\"@type\":\"ListItem\",\"position\":2,\"name\":\"Pol\\u00edtica de cookies\"}]}]}<\/script>\n<!-- \/ Yoast SEO plugin. -->","yoast_head_json":{"title":"Pol\u00edtica de cookies - Espivimon","robots":{"index":"noindex","follow":"nofollow"},"og_locale":"ca_ES","og_type":"article","og_title":"Pol\u00edtica de cookies - Espivimon","og_description":"En compliment amb el que disposa l&#8217;article 22.2 de la Llei 34\/2002, de 11 de juliol, de Serveis de la Societat de la Informaci\u00f3 i de Comer\u00e7 Electr\u00f2nic, aquesta p\u00e0gina web l&#8217;informa, en aquesta secci\u00f3, sobre la pol\u00edtica de recollida i tractament de cookies. QU\u00c8 S\u00d3N LES COOKIES? Una galeta \u00e9s un fitxer que es [&hellip;]","og_url":"https:\/\/www.espivimon.com\/ca\/politica-de-cookies\/","og_site_name":"Espivimon","article_modified_time":"2021-07-20T09:25:46+00:00","twitter_card":"summary_large_image","twitter_misc":{"Temps estimat de lectura":"3 minuts"},"schema":{"@context":"https:\/\/schema.org","@graph":[{"@type":"WebSite","@id":"https:\/\/www.espivimon.com\/#website","url":"https:\/\/www.espivimon.com\/","name":"Espivimon","description":"","potentialAction":[{"@type":"SearchAction","target":{"@type":"EntryPoint","urlTemplate":"https:\/\/www.espivimon.com\/?s={search_term_string}"},"query-input":"required name=search_term_string"}],"inLanguage":"ca"},{"@type":"WebPage","@id":"https:\/\/www.espivimon.com\/ca\/politica-de-cookies\/#webpage","url":"https:\/\/www.espivimon.com\/ca\/politica-de-cookies\/","name":"Pol\u00edtica de cookies - Espivimon","isPartOf":{"@id":"https:\/\/www.espivimon.com\/#website"},"datePublished":"2021-07-13T08:05:33+00:00","dateModified":"2021-07-20T09:25:46+00:00","breadcrumb":{"@id":"https:\/\/www.espivimon.com\/ca\/politica-de-cookies\/#breadcrumb"},"inLanguage":"ca","potentialAction":[{"@type":"ReadAction","target":["https:\/\/www.espivimon.com\/ca\/politica-de-cookies\/"]}]},{"@type":"BreadcrumbList","@id":"https:\/\/www.espivimon.com\/ca\/politica-de-cookies\/#breadcrumb","itemListElement":[{"@type":"ListItem","position":1,"name":"Portada","item":"https:\/\/www.espivimon.com\/ca\/"},{"@type":"ListItem","position":2,"name":"Pol\u00edtica de cookies"}]}]}},"_links":{"self":[{"href":"https:\/\/www.espivimon.com\/ca\/wp-json\/wp\/v2\/pages\/15184"}],"collection":[{"href":"https:\/\/www.espivimon.com\/ca\/wp-json\/wp\/v2\/pages"}],"about":[{"href":"https:\/\/www.espivimon.com\/ca\/wp-json\/wp\/v2\/types\/page"}],"author":[{"embeddable":true,"href":"https:\/\/www.espivimon.com\/ca\/wp-json\/wp\/v2\/users\/1"}],"replies":[{"embeddable":true,"href":"https:\/\/www.espivimon.com\/ca\/wp-json\/wp\/v2\/comments?post=15184"}],"version-history":[{"count":3,"href":"https:\/\/www.espivimon.com\/ca\/wp-json\/wp\/v2\/pages\/15184\/revisions"}],"predecessor-version":[{"id":15187,"href":"https:\/\/www.espivimon.com\/ca\/wp-json\/wp\/v2\/pages\/15184\/revisions\/15187"}],"wp:attachment":[{"href":"https:\/\/www.espivimon.com\/ca\/wp-json\/wp\/v2\/media?parent=15184"}],"curies":[{"name":"wp","href":"https:\/\/api.w.org\/{rel}","templated":true}]}}