{"id":15178,"date":"2021-06-15T14:05:27","date_gmt":"2021-06-15T14:05:27","guid":{"rendered":"https:\/\/turipano360.eu\/espivimon.com\/mecanica\/"},"modified":"2021-07-20T09:21:05","modified_gmt":"2021-07-20T09:21:05","slug":"mecanica","status":"publish","type":"page","link":"https:\/\/www.espivimon.com\/ca\/mecanica\/","title":{"rendered":"Mec\u00e0nica"},"content":{"rendered":"\t\t<div data-elementor-type=\"wp-post\" data-elementor-id=\"15178\" class=\"elementor elementor-15178 elementor-14521\" data-elementor-settings=\"[]\">\n\t\t\t\t\t\t<div class=\"elementor-inner\">\n\t\t\t\t\t\t\t<div class=\"elementor-section-wrap\">\n\t\t\t\t\t\t\t<section class=\"elementor-section elementor-top-section elementor-element elementor-element-4d22e5b elementor-section-boxed elementor-section-height-default elementor-section-height-default\" data-id=\"4d22e5b\" data-element_type=\"section\">\n\t\t\t\t\t\t<div class=\"elementor-container elementor-column-gap-default\">\n\t\t\t\t\t\t\t<div class=\"elementor-row\">\n\t\t\t\t\t<div class=\"elementor-column elementor-col-50 elementor-top-column elementor-element elementor-element-7fb25f4\" data-id=\"7fb25f4\" data-element_type=\"column\">\n\t\t\t<div class=\"elementor-column-wrap elementor-element-populated\">\n\t\t\t\t\t\t\t<div class=\"elementor-widget-wrap\">\n\t\t\t\t\t\t<div class=\"elementor-element elementor-element-ccafaed elementor-widget elementor-widget-spacer\" data-id=\"ccafaed\" data-element_type=\"widget\" data-widget_type=\"spacer.default\">\n\t\t\t\t<div class=\"elementor-widget-container\">\n\t\t\t\t\t<div class=\"elementor-spacer\">\n\t\t\t<div class=\"elementor-spacer-inner\"><\/div>\n\t\t<\/div>\n\t\t\t\t<\/div>\n\t\t\t\t<\/div>\n\t\t\t\t<div class=\"elementor-element elementor-element-cb3b887 elementor-widget elementor-widget-heading\" data-id=\"cb3b887\" data-element_type=\"widget\" data-widget_type=\"heading.default\">\n\t\t\t\t<div class=\"elementor-widget-container\">\n\t\t\t<h2 class=\"elementor-heading-title elementor-size-default\">Mec\u00e0nica<\/h2>\t\t<\/div>\n\t\t\t\t<\/div>\n\t\t\t\t<div class=\"elementor-element elementor-element-a19a7da elementor-widget elementor-widget-spacer\" data-id=\"a19a7da\" data-element_type=\"widget\" data-widget_type=\"spacer.default\">\n\t\t\t\t<div class=\"elementor-widget-container\">\n\t\t\t\t\t<div class=\"elementor-spacer\">\n\t\t\t<div class=\"elementor-spacer-inner\"><\/div>\n\t\t<\/div>\n\t\t\t\t<\/div>\n\t\t\t\t<\/div>\n\t\t\t\t<div class=\"elementor-element-custom_font_size elementor-element-custom_line_height elementor-element elementor-element-a8725e4 elementor-widget elementor-widget-text-editor\" data-id=\"a8725e4\" data-element_type=\"widget\" data-widget_type=\"text-editor.default\">\n\t\t\t\t<div class=\"elementor-widget-container\">\n\t\t\t\t\t\t\t\t<div class=\"elementor-text-editor elementor-clearfix\">\n\t\t\t\t\t<p>El nostre equip de mec\u00e0nics especialitzats estan preparats per resoldre qualsevol avaria del seu cotxe de forma \u00f2ptima, gr\u00e0cies als equips de diagn\u00f2stics i <strong>l&#8217;estoc permanent de recanvis<\/strong>.<\/p><p>La nostra especialitat en flotes i vehicles semi-industrials.<\/p>\t\t\t\t\t<\/div>\n\t\t\t\t\t\t<\/div>\n\t\t\t\t<\/div>\n\t\t\t\t<div class=\"elementor-element elementor-element-448c001 elementor-widget elementor-widget-spacer\" data-id=\"448c001\" data-element_type=\"widget\" data-widget_type=\"spacer.default\">\n\t\t\t\t<div class=\"elementor-widget-container\">\n\t\t\t\t\t<div class=\"elementor-spacer\">\n\t\t\t<div class=\"elementor-spacer-inner\"><\/div>\n\t\t<\/div>\n\t\t\t\t<\/div>\n\t\t\t\t<\/div>\n\t\t\t\t<div class=\"elementor-element elementor-element-87eefe6 elementor-widget elementor-widget-spacer\" data-id=\"87eefe6\" data-element_type=\"widget\" data-widget_type=\"spacer.default\">\n\t\t\t\t<div class=\"elementor-widget-container\">\n\t\t\t\t\t<div class=\"elementor-spacer\">\n\t\t\t<div class=\"elementor-spacer-inner\"><\/div>\n\t\t<\/div>\n\t\t\t\t<\/div>\n\t\t\t\t<\/div>\n\t\t\t\t<div class=\"elementor-element elementor-element-78a689e elementor-widget elementor-widget-heading\" data-id=\"78a689e\" data-element_type=\"widget\" data-widget_type=\"heading.default\">\n\t\t\t\t<div class=\"elementor-widget-container\">\n\t\t\t<h3 class=\"elementor-heading-title elementor-size-default\">Mec\u00e0nica de Manteniment:<\/h3>\t\t<\/div>\n\t\t\t\t<\/div>\n\t\t\t\t<div class=\"elementor-element elementor-element-4c38479 elementor-icon-list--layout-traditional elementor-list-item-link-full_width elementor-widget elementor-widget-icon-list\" data-id=\"4c38479\" data-element_type=\"widget\" data-widget_type=\"icon-list.default\">\n\t\t\t\t<div class=\"elementor-widget-container\">\n\t\t\t\t\t<ul class=\"elementor-icon-list-items\">\n\t\t\t\t\t\t\t<li class=\"elementor-icon-list-item\">\n\t\t\t\t\t\t\t\t\t\t\t<span class=\"elementor-icon-list-icon\">\n\t\t\t\t\t\t\t<i aria-hidden=\"true\" class=\"fas fa-angle-right\"><\/i>\t\t\t\t\t\t<\/span>\n\t\t\t\t\t\t\t\t\t\t<span class=\"elementor-icon-list-text\">Canvis d'oli, corretges, frens...<\/span>\n\t\t\t\t\t\t\t\t\t<\/li>\n\t\t\t\t\t\t\t\t<li class=\"elementor-icon-list-item\">\n\t\t\t\t\t\t\t\t\t\t\t<span class=\"elementor-icon-list-icon\">\n\t\t\t\t\t\t\t<i aria-hidden=\"true\" class=\"fas fa-angle-right\"><\/i>\t\t\t\t\t\t<\/span>\n\t\t\t\t\t\t\t\t\t\t<span class=\"elementor-icon-list-text\">Diagnosi i control combusti\u00f3<\/span>\n\t\t\t\t\t\t\t\t\t<\/li>\n\t\t\t\t\t\t<\/ul>\n\t\t\t\t<\/div>\n\t\t\t\t<\/div>\n\t\t\t\t<div class=\"elementor-element elementor-element-652eeef elementor-widget elementor-widget-spacer\" data-id=\"652eeef\" data-element_type=\"widget\" data-widget_type=\"spacer.default\">\n\t\t\t\t<div class=\"elementor-widget-container\">\n\t\t\t\t\t<div class=\"elementor-spacer\">\n\t\t\t<div class=\"elementor-spacer-inner\"><\/div>\n\t\t<\/div>\n\t\t\t\t<\/div>\n\t\t\t\t<\/div>\n\t\t\t\t<div class=\"elementor-element-custom_font_size elementor-element-custom_line_height elementor-element elementor-element-c6c49be elementor-widget elementor-widget-text-editor\" data-id=\"c6c49be\" data-element_type=\"widget\" data-widget_type=\"text-editor.default\">\n\t\t\t\t<div class=\"elementor-widget-container\">\n\t\t\t\t\t\t\t\t<div class=\"elementor-text-editor elementor-clearfix\">\n\t\t\t\t\t<p><strong>Li passem la ITV<\/strong>, revisions peri\u00f2diques.<\/p>\t\t\t\t\t<\/div>\n\t\t\t\t\t\t<\/div>\n\t\t\t\t<\/div>\n\t\t\t\t<div class=\"elementor-element elementor-element-a01d9df elementor-widget elementor-widget-spacer\" data-id=\"a01d9df\" data-element_type=\"widget\" data-widget_type=\"spacer.default\">\n\t\t\t\t<div class=\"elementor-widget-container\">\n\t\t\t\t\t<div class=\"elementor-spacer\">\n\t\t\t<div class=\"elementor-spacer-inner\"><\/div>\n\t\t<\/div>\n\t\t\t\t<\/div>\n\t\t\t\t<\/div>\n\t\t\t\t\t\t<\/div>\n\t\t\t\t\t<\/div>\n\t\t<\/div>\n\t\t\t\t<div class=\"elementor-column elementor-col-50 elementor-top-column elementor-element elementor-element-0c2a7a7\" data-id=\"0c2a7a7\" data-element_type=\"column\" data-settings=\"{&quot;background_background&quot;:&quot;classic&quot;}\">\n\t\t\t<div class=\"elementor-column-wrap elementor-element-populated\">\n\t\t\t\t\t\t\t<div class=\"elementor-widget-wrap\">\n\t\t\t\t\t\t<section class=\"elementor-section elementor-inner-section elementor-element elementor-element-7e30dea elementor-section-boxed elementor-section-height-default elementor-section-height-default\" data-id=\"7e30dea\" data-element_type=\"section\">\n\t\t\t\t\t\t<div class=\"elementor-container elementor-column-gap-default\">\n\t\t\t\t\t\t\t<div class=\"elementor-row\">\n\t\t\t\t\t<div class=\"elementor-column elementor-col-100 elementor-inner-column elementor-element elementor-element-bde062d\" data-id=\"bde062d\" data-element_type=\"column\">\n\t\t\t<div class=\"elementor-column-wrap elementor-element-populated\">\n\t\t\t\t\t\t\t<div class=\"elementor-widget-wrap\">\n\t\t\t\t\t\t<div class=\"elementor-element elementor-element-26508fc elementor-widget elementor-widget-spacer\" data-id=\"26508fc\" data-element_type=\"widget\" data-widget_type=\"spacer.default\">\n\t\t\t\t<div class=\"elementor-widget-container\">\n\t\t\t\t\t<div class=\"elementor-spacer\">\n\t\t\t<div class=\"elementor-spacer-inner\"><\/div>\n\t\t<\/div>\n\t\t\t\t<\/div>\n\t\t\t\t<\/div>\n\t\t\t\t<div class=\"elementor-element elementor-element-4564436 elementor-widget elementor-widget-image\" data-id=\"4564436\" data-element_type=\"widget\" data-widget_type=\"image.default\">\n\t\t\t\t<div class=\"elementor-widget-container\">\n\t\t\t\t\t\t\t\t<div class=\"elementor-image\">\n\t\t\t\t\t\t\t\t\t\t\t\t<img width=\"800\" height=\"534\" src=\"https:\/\/www.espivimon.com\/wp-content\/uploads\/2021\/06\/mecanica.jpg\" class=\"attachment-large size-large\" alt=\"\" loading=\"lazy\" srcset=\"https:\/\/www.espivimon.com\/wp-content\/uploads\/2021\/06\/mecanica.jpg 800w, https:\/\/www.espivimon.com\/wp-content\/uploads\/2021\/06\/mecanica-510x340.jpg 510w, https:\/\/www.espivimon.com\/wp-content\/uploads\/2021\/06\/mecanica-768x513.jpg 768w, https:\/\/www.espivimon.com\/wp-content\/uploads\/2021\/06\/mecanica-480x320.jpg 480w\" sizes=\"(max-width: 800px) 100vw, 800px\" title=\"mecanica\" \/>\t\t\t\t\t\t\t\t\t\t\t\t\t\t<\/div>\n\t\t\t\t\t\t<\/div>\n\t\t\t\t<\/div>\n\t\t\t\t<div class=\"elementor-element elementor-element-49fd163 elementor-widget elementor-widget-spacer\" data-id=\"49fd163\" data-element_type=\"widget\" data-widget_type=\"spacer.default\">\n\t\t\t\t<div class=\"elementor-widget-container\">\n\t\t\t\t\t<div class=\"elementor-spacer\">\n\t\t\t<div class=\"elementor-spacer-inner\"><\/div>\n\t\t<\/div>\n\t\t\t\t<\/div>\n\t\t\t\t<\/div>\n\t\t\t\t\t\t<\/div>\n\t\t\t\t\t<\/div>\n\t\t<\/div>\n\t\t\t\t\t\t\t\t<\/div>\n\t\t\t\t\t<\/div>\n\t\t<\/section>\n\t\t\t\t\t\t<\/div>\n\t\t\t\t\t<\/div>\n\t\t<\/div>\n\t\t\t\t\t\t\t\t<\/div>\n\t\t\t\t\t<\/div>\n\t\t<\/section>\n\t\t\t\t<section class=\"elementor-section elementor-top-section elementor-element elementor-element-9cc00cc elementor-section-boxed elementor-section-height-default elementor-section-height-default\" data-id=\"9cc00cc\" data-element_type=\"section\" data-settings=\"{&quot;background_background&quot;:&quot;classic&quot;}\">\n\t\t\t\t\t\t<div class=\"elementor-container elementor-column-gap-default\">\n\t\t\t\t\t\t\t<div class=\"elementor-row\">\n\t\t\t\t\t<div class=\"elementor-column elementor-col-50 elementor-top-column elementor-element elementor-element-806acfe\" data-id=\"806acfe\" data-element_type=\"column\">\n\t\t\t<div class=\"elementor-column-wrap elementor-element-populated\">\n\t\t\t\t\t\t\t<div class=\"elementor-widget-wrap\">\n\t\t\t\t\t\t<div class=\"elementor-element elementor-element-916b007 elementor-widget elementor-widget-heading\" data-id=\"916b007\" data-element_type=\"widget\" data-widget_type=\"heading.default\">\n\t\t\t\t<div class=\"elementor-widget-container\">\n\t\t\t<h2 class=\"elementor-heading-title elementor-size-default\">Reparaci\u00f3n de todas las <span style=\"color:#ea0527;\">marcas<\/span><\/h2>\t\t<\/div>\n\t\t\t\t<\/div>\n\t\t\t\t<div class=\"elementor-element elementor-element-be26da2 elementor-icon-list--layout-traditional elementor-list-item-link-full_width elementor-widget elementor-widget-icon-list\" data-id=\"be26da2\" data-element_type=\"widget\" data-widget_type=\"icon-list.default\">\n\t\t\t\t<div class=\"elementor-widget-container\">\n\t\t\t\t\t<ul class=\"elementor-icon-list-items\">\n\t\t\t\t\t\t\t<li class=\"elementor-icon-list-item\">\n\t\t\t\t\t\t\t\t\t\t\t<span class=\"elementor-icon-list-icon\">\n\t\t\t\t\t\t\t<i aria-hidden=\"true\" class=\"fas fa-angle-right\"><\/i>\t\t\t\t\t\t<\/span>\n\t\t\t\t\t\t\t\t\t\t<span class=\"elementor-icon-list-text\">Reparaci\u00f3n integral del motor: gasolina y diesel<\/span>\n\t\t\t\t\t\t\t\t\t<\/li>\n\t\t\t\t\t\t\t\t<li class=\"elementor-icon-list-item\">\n\t\t\t\t\t\t\t\t\t\t\t<span class=\"elementor-icon-list-icon\">\n\t\t\t\t\t\t\t<i aria-hidden=\"true\" class=\"fas fa-angle-right\"><\/i>\t\t\t\t\t\t<\/span>\n\t\t\t\t\t\t\t\t\t\t<span class=\"elementor-icon-list-text\">Correas, filtros, escapes, radiador, bomba de agua, culatas<\/span>\n\t\t\t\t\t\t\t\t\t<\/li>\n\t\t\t\t\t\t<\/ul>\n\t\t\t\t<\/div>\n\t\t\t\t<\/div>\n\t\t\t\t<div class=\"elementor-element elementor-element-dc15774 elementor-align-left elementor-widget elementor-widget-button\" data-id=\"dc15774\" data-element_type=\"widget\" data-widget_type=\"button.default\">\n\t\t\t\t<div class=\"elementor-widget-container\">\n\t\t\t\t\t<div class=\"elementor-button-wrapper\">\n\t\t\t<a href=\"\/contacto\/\" class=\"elementor-button-link elementor-button elementor-size-sm\" role=\"button\">\n\t\t\t\t\t\t<span class=\"elementor-button-content-wrapper\">\n\t\t\t\t\t\t<span class=\"elementor-button-text\">Contactar<\/span>\n\t\t<\/span>\n\t\t\t\t\t<\/a>\n\t\t<\/div>\n\t\t\t\t<\/div>\n\t\t\t\t<\/div>\n\t\t\t\t\t\t<\/div>\n\t\t\t\t\t<\/div>\n\t\t<\/div>\n\t\t\t\t<div class=\"elementor-column elementor-col-50 elementor-top-column elementor-element elementor-element-2abc7e7\" data-id=\"2abc7e7\" data-element_type=\"column\">\n\t\t\t<div class=\"elementor-column-wrap elementor-element-populated\">\n\t\t\t\t\t\t\t<div class=\"elementor-widget-wrap\">\n\t\t\t\t\t\t<div class=\"elementor-element elementor-element-0245b94 elementor-icon-list--layout-traditional elementor-list-item-link-full_width elementor-widget elementor-widget-icon-list\" data-id=\"0245b94\" data-element_type=\"widget\" data-widget_type=\"icon-list.default\">\n\t\t\t\t<div class=\"elementor-widget-container\">\n\t\t\t\t\t<ul class=\"elementor-icon-list-items\">\n\t\t\t\t\t\t\t<li class=\"elementor-icon-list-item\">\n\t\t\t\t\t\t\t\t\t\t\t<span class=\"elementor-icon-list-icon\">\n\t\t\t\t\t\t\t<i aria-hidden=\"true\" class=\"fas fa-angle-right\"><\/i>\t\t\t\t\t\t<\/span>\n\t\t\t\t\t\t\t\t\t\t<span class=\"elementor-icon-list-text\">Suspensi\u00f3n y amortiguaci\u00f3n - Direcci\u00f3n y paralelo - Frenos<\/span>\n\t\t\t\t\t\t\t\t\t<\/li>\n\t\t\t\t\t\t\t\t<li class=\"elementor-icon-list-item\">\n\t\t\t\t\t\t\t\t\t\t\t<span class=\"elementor-icon-list-icon\">\n\t\t\t\t\t\t\t<i aria-hidden=\"true\" class=\"fas fa-angle-right\"><\/i>\t\t\t\t\t\t<\/span>\n\t\t\t\t\t\t\t\t\t\t<span class=\"elementor-icon-list-text\">Caja de cambios y embrague - transmisiones<\/span>\n\t\t\t\t\t\t\t\t\t<\/li>\n\t\t\t\t\t\t<\/ul>\n\t\t\t\t<\/div>\n\t\t\t\t<\/div>\n\t\t\t\t\t\t<\/div>\n\t\t\t\t\t<\/div>\n\t\t<\/div>\n\t\t\t\t\t\t\t\t<\/div>\n\t\t\t\t\t<\/div>\n\t\t<\/section>\n\t\t\t\t<section class=\"elementor-section elementor-top-section elementor-element elementor-element-d67dc93 elementor-hidden-desktop elementor-hidden-tablet elementor-hidden-phone elementor-section-boxed elementor-section-height-default elementor-section-height-default\" data-id=\"d67dc93\" data-element_type=\"section\" data-settings=\"{&quot;background_background&quot;:&quot;classic&quot;}\">\n\t\t\t\t\t\t<div class=\"elementor-container elementor-column-gap-default\">\n\t\t\t\t\t\t\t<div class=\"elementor-row\">\n\t\t\t\t\t<div class=\"elementor-column elementor-col-100 elementor-top-column elementor-element elementor-element-d5c34dc\" data-id=\"d5c34dc\" data-element_type=\"column\">\n\t\t\t<div class=\"elementor-column-wrap elementor-element-populated\">\n\t\t\t\t\t\t\t<div class=\"elementor-widget-wrap\">\n\t\t\t\t\t\t<div class=\"elementor-element elementor-element-1597f62 elementor-widget elementor-widget-heading\" data-id=\"1597f62\" data-element_type=\"widget\" data-widget_type=\"heading.default\">\n\t\t\t\t<div class=\"elementor-widget-container\">\n\t\t\t<h3 class=\"elementor-heading-title elementor-size-default\">Nuestra especialidad<\/h3>\t\t<\/div>\n\t\t\t\t<\/div>\n\t\t\t\t<div class=\"elementor-element-custom_font_size elementor-element-custom_font_family elementor-element-custom_font_weight elementor-element-custom_color elementor-element elementor-element-0dfba79 elementor-widget elementor-widget-text-editor\" data-id=\"0dfba79\" data-element_type=\"widget\" data-widget_type=\"text-editor.default\">\n\t\t\t\t<div class=\"elementor-widget-container\">\n\t\t\t\t\t\t\t\t<div class=\"elementor-text-editor elementor-clearfix\">\n\t\t\t\t\t<p>Especialidad en veh\u00edculos semi-industriales y flotas de empresa<\/p>\t\t\t\t\t<\/div>\n\t\t\t\t\t\t<\/div>\n\t\t\t\t<\/div>\n\t\t\t\t\t\t<\/div>\n\t\t\t\t\t<\/div>\n\t\t<\/div>\n\t\t\t\t\t\t\t\t<\/div>\n\t\t\t\t\t<\/div>\n\t\t<\/section>\n\t\t\t\t\t\t<\/div>\n\t\t\t\t\t\t<\/div>\n\t\t\t\t\t<\/div>\n\t\t","protected":false},"excerpt":{"rendered":"<p>Mec\u00e0nica El nostre equip de mec\u00e0nics especialitzats estan preparats per resoldre qualsevol avaria del seu cotxe de forma \u00f2ptima, gr\u00e0cies als equips de diagn\u00f2stics i l&#8217;estoc permanent de recanvis. La nostra especialitat en flotes i vehicles semi-industrials. Mec\u00e0nica de Manteniment: Canvis d&#8217;oli, corretges, frens&#8230; Diagnosi i control combusti\u00f3 Li passem la ITV, revisions peri\u00f2diques. Reparaci\u00f3n [&hellip;]<\/p>\n","protected":false},"author":1,"featured_media":0,"parent":0,"menu_order":0,"comment_status":"closed","ping_status":"closed","template":"","meta":[],"yoast_head":"<!-- This site is optimized with the Yoast SEO plugin v17.1 - https:\/\/yoast.com\/wordpress\/plugins\/seo\/ -->\n<title>Manteniment i Mec\u00e0nica de vehicles a Les Fonts de Terrassa<\/title>\n<meta name=\"description\" content=\"El nostre equip de mec\u00e0nics pot resoldre qualsevol avaria del seu cotxe, gr\u00e0cies als equips de diagn\u00f2stics i l&#039;estoc permanent de recanvis.\" \/>\n<meta name=\"robots\" content=\"index, follow, max-snippet:-1, max-image-preview:large, max-video-preview:-1\" \/>\n<link rel=\"canonical\" href=\"https:\/\/www.espivimon.com\/ca\/mecanica\/\" \/>\n<meta property=\"og:locale\" content=\"ca_ES\" \/>\n<meta property=\"og:type\" content=\"article\" \/>\n<meta property=\"og:title\" content=\"Manteniment i Mec\u00e0nica de vehicles a Les Fonts de Terrassa\" \/>\n<meta property=\"og:description\" content=\"El nostre equip de mec\u00e0nics pot resoldre qualsevol avaria del seu cotxe, gr\u00e0cies als equips de diagn\u00f2stics i l&#039;estoc permanent de recanvis.\" \/>\n<meta property=\"og:url\" content=\"https:\/\/www.espivimon.com\/ca\/mecanica\/\" \/>\n<meta property=\"og:site_name\" content=\"Espivimon\" \/>\n<meta property=\"article:modified_time\" content=\"2021-07-20T09:21:05+00:00\" \/>\n<meta property=\"og:image\" content=\"https:\/\/www.espivimon.com\/wp-content\/uploads\/2021\/06\/mecanica.jpg\" \/>\n<meta name=\"twitter:card\" content=\"summary_large_image\" \/>\n<meta name=\"twitter:label1\" content=\"Temps estimat de lectura\" \/>\n\t<meta name=\"twitter:data1\" content=\"1 minut\" \/>\n<script type=\"application\/ld+json\" class=\"yoast-schema-graph\">{\"@context\":\"https:\/\/schema.org\",\"@graph\":[{\"@type\":\"WebSite\",\"@id\":\"https:\/\/www.espivimon.com\/#website\",\"url\":\"https:\/\/www.espivimon.com\/\",\"name\":\"Espivimon\",\"description\":\"\",\"potentialAction\":[{\"@type\":\"SearchAction\",\"target\":{\"@type\":\"EntryPoint\",\"urlTemplate\":\"https:\/\/www.espivimon.com\/?s={search_term_string}\"},\"query-input\":\"required name=search_term_string\"}],\"inLanguage\":\"ca\"},{\"@type\":\"ImageObject\",\"@id\":\"https:\/\/www.espivimon.com\/ca\/mecanica\/#primaryimage\",\"inLanguage\":\"ca\",\"url\":\"https:\/\/www.espivimon.com\/wp-content\/uploads\/2021\/06\/mecanica.jpg\",\"contentUrl\":\"https:\/\/www.espivimon.com\/wp-content\/uploads\/2021\/06\/mecanica.jpg\",\"width\":800,\"height\":534},{\"@type\":\"WebPage\",\"@id\":\"https:\/\/www.espivimon.com\/ca\/mecanica\/#webpage\",\"url\":\"https:\/\/www.espivimon.com\/ca\/mecanica\/\",\"name\":\"Manteniment i Mec\\u00e0nica de vehicles a Les Fonts de Terrassa\",\"isPartOf\":{\"@id\":\"https:\/\/www.espivimon.com\/#website\"},\"primaryImageOfPage\":{\"@id\":\"https:\/\/www.espivimon.com\/ca\/mecanica\/#primaryimage\"},\"datePublished\":\"2021-06-15T14:05:27+00:00\",\"dateModified\":\"2021-07-20T09:21:05+00:00\",\"description\":\"El nostre equip de mec\\u00e0nics pot resoldre qualsevol avaria del seu cotxe, gr\\u00e0cies als equips de diagn\\u00f2stics i l'estoc permanent de recanvis.\",\"breadcrumb\":{\"@id\":\"https:\/\/www.espivimon.com\/ca\/mecanica\/#breadcrumb\"},\"inLanguage\":\"ca\",\"potentialAction\":[{\"@type\":\"ReadAction\",\"target\":[\"https:\/\/www.espivimon.com\/ca\/mecanica\/\"]}]},{\"@type\":\"BreadcrumbList\",\"@id\":\"https:\/\/www.espivimon.com\/ca\/mecanica\/#breadcrumb\",\"itemListElement\":[{\"@type\":\"ListItem\",\"position\":1,\"name\":\"Portada\",\"item\":\"https:\/\/www.espivimon.com\/ca\/\"},{\"@type\":\"ListItem\",\"position\":2,\"name\":\"Mec\\u00e0nica\"}]}]}<\/script>\n<!-- \/ Yoast SEO plugin. -->","yoast_head_json":{"title":"Manteniment i Mec\u00e0nica de vehicles a Les Fonts de Terrassa","description":"El nostre equip de mec\u00e0nics pot resoldre qualsevol avaria del seu cotxe, gr\u00e0cies als equips de diagn\u00f2stics i l'estoc permanent de recanvis.","robots":{"index":"index","follow":"follow","max-snippet":"max-snippet:-1","max-image-preview":"max-image-preview:large","max-video-preview":"max-video-preview:-1"},"canonical":"https:\/\/www.espivimon.com\/ca\/mecanica\/","og_locale":"ca_ES","og_type":"article","og_title":"Manteniment i Mec\u00e0nica de vehicles a Les Fonts de Terrassa","og_description":"El nostre equip de mec\u00e0nics pot resoldre qualsevol avaria del seu cotxe, gr\u00e0cies als equips de diagn\u00f2stics i l'estoc permanent de recanvis.","og_url":"https:\/\/www.espivimon.com\/ca\/mecanica\/","og_site_name":"Espivimon","article_modified_time":"2021-07-20T09:21:05+00:00","og_image":[{"url":"https:\/\/www.espivimon.com\/wp-content\/uploads\/2021\/06\/mecanica.jpg"}],"twitter_card":"summary_large_image","twitter_misc":{"Temps estimat de lectura":"1 minut"},"schema":{"@context":"https:\/\/schema.org","@graph":[{"@type":"WebSite","@id":"https:\/\/www.espivimon.com\/#website","url":"https:\/\/www.espivimon.com\/","name":"Espivimon","description":"","potentialAction":[{"@type":"SearchAction","target":{"@type":"EntryPoint","urlTemplate":"https:\/\/www.espivimon.com\/?s={search_term_string}"},"query-input":"required name=search_term_string"}],"inLanguage":"ca"},{"@type":"ImageObject","@id":"https:\/\/www.espivimon.com\/ca\/mecanica\/#primaryimage","inLanguage":"ca","url":"https:\/\/www.espivimon.com\/wp-content\/uploads\/2021\/06\/mecanica.jpg","contentUrl":"https:\/\/www.espivimon.com\/wp-content\/uploads\/2021\/06\/mecanica.jpg","width":800,"height":534},{"@type":"WebPage","@id":"https:\/\/www.espivimon.com\/ca\/mecanica\/#webpage","url":"https:\/\/www.espivimon.com\/ca\/mecanica\/","name":"Manteniment i Mec\u00e0nica de vehicles a Les Fonts de Terrassa","isPartOf":{"@id":"https:\/\/www.espivimon.com\/#website"},"primaryImageOfPage":{"@id":"https:\/\/www.espivimon.com\/ca\/mecanica\/#primaryimage"},"datePublished":"2021-06-15T14:05:27+00:00","dateModified":"2021-07-20T09:21:05+00:00","description":"El nostre equip de mec\u00e0nics pot resoldre qualsevol avaria del seu cotxe, gr\u00e0cies als equips de diagn\u00f2stics i l'estoc permanent de recanvis.","breadcrumb":{"@id":"https:\/\/www.espivimon.com\/ca\/mecanica\/#breadcrumb"},"inLanguage":"ca","potentialAction":[{"@type":"ReadAction","target":["https:\/\/www.espivimon.com\/ca\/mecanica\/"]}]},{"@type":"BreadcrumbList","@id":"https:\/\/www.espivimon.com\/ca\/mecanica\/#breadcrumb","itemListElement":[{"@type":"ListItem","position":1,"name":"Portada","item":"https:\/\/www.espivimon.com\/ca\/"},{"@type":"ListItem","position":2,"name":"Mec\u00e0nica"}]}]}},"_links":{"self":[{"href":"https:\/\/www.espivimon.com\/ca\/wp-json\/wp\/v2\/pages\/15178"}],"collection":[{"href":"https:\/\/www.espivimon.com\/ca\/wp-json\/wp\/v2\/pages"}],"about":[{"href":"https:\/\/www.espivimon.com\/ca\/wp-json\/wp\/v2\/types\/page"}],"author":[{"embeddable":true,"href":"https:\/\/www.espivimon.com\/ca\/wp-json\/wp\/v2\/users\/1"}],"replies":[{"embeddable":true,"href":"https:\/\/www.espivimon.com\/ca\/wp-json\/wp\/v2\/comments?post=15178"}],"version-history":[{"count":4,"href":"https:\/\/www.espivimon.com\/ca\/wp-json\/wp\/v2\/pages\/15178\/revisions"}],"predecessor-version":[{"id":15183,"href":"https:\/\/www.espivimon.com\/ca\/wp-json\/wp\/v2\/pages\/15178\/revisions\/15183"}],"wp:attachment":[{"href":"https:\/\/www.espivimon.com\/ca\/wp-json\/wp\/v2\/media?parent=15178"}],"curies":[{"name":"wp","href":"https:\/\/api.w.org\/{rel}","templated":true}]}}