{"id":15159,"date":"2019-07-18T14:02:25","date_gmt":"2019-07-18T14:02:25","guid":{"rendered":"https:\/\/turipano360.eu\/espivimon.com\/empresa\/"},"modified":"2021-11-02T08:46:18","modified_gmt":"2021-11-02T08:46:18","slug":"empresa","status":"publish","type":"page","link":"https:\/\/www.espivimon.com\/ca\/empresa\/","title":{"rendered":"Empresa"},"content":{"rendered":"\t\t<div data-elementor-type=\"wp-post\" data-elementor-id=\"15159\" class=\"elementor elementor-15159 elementor-623\" data-elementor-settings=\"[]\">\n\t\t\t\t\t\t<div class=\"elementor-inner\">\n\t\t\t\t\t\t\t<div class=\"elementor-section-wrap\">\n\t\t\t\t\t\t\t<section class=\"elementor-section elementor-top-section elementor-element elementor-element-4d22e5b elementor-section-boxed elementor-section-height-default elementor-section-height-default\" data-id=\"4d22e5b\" data-element_type=\"section\">\n\t\t\t\t\t\t<div class=\"elementor-container elementor-column-gap-default\">\n\t\t\t\t\t\t\t<div class=\"elementor-row\">\n\t\t\t\t\t<div class=\"elementor-column elementor-col-50 elementor-top-column elementor-element elementor-element-7fb25f4\" data-id=\"7fb25f4\" data-element_type=\"column\">\n\t\t\t<div class=\"elementor-column-wrap elementor-element-populated\">\n\t\t\t\t\t\t\t<div class=\"elementor-widget-wrap\">\n\t\t\t\t\t\t<div class=\"elementor-element elementor-element-ccafaed elementor-widget elementor-widget-spacer\" data-id=\"ccafaed\" data-element_type=\"widget\" data-widget_type=\"spacer.default\">\n\t\t\t\t<div class=\"elementor-widget-container\">\n\t\t\t\t\t<div class=\"elementor-spacer\">\n\t\t\t<div class=\"elementor-spacer-inner\"><\/div>\n\t\t<\/div>\n\t\t\t\t<\/div>\n\t\t\t\t<\/div>\n\t\t\t\t<div class=\"elementor-element-custom_font_size elementor-element-custom_font_weight elementor-element-custom_color elementor-element elementor-element-3d56faa elementor-widget elementor-widget-text-editor\" data-id=\"3d56faa\" data-element_type=\"widget\" data-widget_type=\"text-editor.default\">\n\t\t\t\t<div class=\"elementor-widget-container\">\n\t\t\t\t\t\t\t\t<div class=\"elementor-text-editor elementor-clearfix\">\n\t\t\t\t\t<h5>ESPIVIMON<\/h5>\t\t\t\t\t<\/div>\n\t\t\t\t\t\t<\/div>\n\t\t\t\t<\/div>\n\t\t\t\t<div class=\"elementor-element elementor-element-cb3b887 elementor-widget elementor-widget-heading\" data-id=\"cb3b887\" data-element_type=\"widget\" data-widget_type=\"heading.default\">\n\t\t\t\t<div class=\"elementor-widget-container\">\n\t\t\t<h2 class=\"elementor-heading-title elementor-size-default\">Empresa<\/h2>\t\t<\/div>\n\t\t\t\t<\/div>\n\t\t\t\t<div class=\"elementor-element elementor-element-a19a7da elementor-widget elementor-widget-spacer\" data-id=\"a19a7da\" data-element_type=\"widget\" data-widget_type=\"spacer.default\">\n\t\t\t\t<div class=\"elementor-widget-container\">\n\t\t\t\t\t<div class=\"elementor-spacer\">\n\t\t\t<div class=\"elementor-spacer-inner\"><\/div>\n\t\t<\/div>\n\t\t\t\t<\/div>\n\t\t\t\t<\/div>\n\t\t\t\t<div class=\"elementor-element-custom_font_size elementor-element-custom_line_height elementor-element elementor-element-a8725e4 elementor-widget elementor-widget-text-editor\" data-id=\"a8725e4\" data-element_type=\"widget\" data-widget_type=\"text-editor.default\">\n\t\t\t\t<div class=\"elementor-widget-container\">\n\t\t\t\t\t\t\t\t<div class=\"elementor-text-editor elementor-clearfix\">\n\t\t\t\t\t<p>El 1987, Joan Espinar, despr\u00e9s d&#8217;un llarg temps de treballar en Garatge Ull\u00e9s, gr\u00e0cies a la seva experi\u00e8ncia acumulada i formaci\u00f3 en la mec\u00e0nica de l&#8217;autom\u00f2bil, va fundar Auto-taller espinar.<\/p><p>El 2005 es va comen\u00e7ar a treballar com a Servei de l&#8217;automobil Espivimon i al setembre del 2007 s&#8217;inauguren les noves instal\u00b7lacions.<\/p><p>El nostre equip de mec\u00e0nics especialitzats estan preparats per resoldre qualsevol avaria del seu cotxe de forma \u00f2ptima, gr\u00e0cies als equips de diagn\u00f2stics i l&#8217;estoc permanent de recanvis.<\/p><p>M\u00e9s de 30 anys d&#8217;experi\u00e8ncia en un sector tan competent, ens avalen.<\/p>\t\t\t\t\t<\/div>\n\t\t\t\t\t\t<\/div>\n\t\t\t\t<\/div>\n\t\t\t\t<div class=\"elementor-element elementor-element-448c001 elementor-widget elementor-widget-spacer\" data-id=\"448c001\" data-element_type=\"widget\" data-widget_type=\"spacer.default\">\n\t\t\t\t<div class=\"elementor-widget-container\">\n\t\t\t\t\t<div class=\"elementor-spacer\">\n\t\t\t<div class=\"elementor-spacer-inner\"><\/div>\n\t\t<\/div>\n\t\t\t\t<\/div>\n\t\t\t\t<\/div>\n\t\t\t\t<div class=\"elementor-element elementor-element-87eefe6 elementor-widget elementor-widget-spacer\" data-id=\"87eefe6\" data-element_type=\"widget\" data-widget_type=\"spacer.default\">\n\t\t\t\t<div class=\"elementor-widget-container\">\n\t\t\t\t\t<div class=\"elementor-spacer\">\n\t\t\t<div class=\"elementor-spacer-inner\"><\/div>\n\t\t<\/div>\n\t\t\t\t<\/div>\n\t\t\t\t<\/div>\n\t\t\t\t<div class=\"elementor-element elementor-element-0b6d5b7 elementor-widget elementor-widget-spacer\" data-id=\"0b6d5b7\" data-element_type=\"widget\" data-widget_type=\"spacer.default\">\n\t\t\t\t<div class=\"elementor-widget-container\">\n\t\t\t\t\t<div class=\"elementor-spacer\">\n\t\t\t<div class=\"elementor-spacer-inner\"><\/div>\n\t\t<\/div>\n\t\t\t\t<\/div>\n\t\t\t\t<\/div>\n\t\t\t\t\t\t<\/div>\n\t\t\t\t\t<\/div>\n\t\t<\/div>\n\t\t\t\t<div class=\"elementor-column elementor-col-50 elementor-top-column elementor-element elementor-element-0c2a7a7\" data-id=\"0c2a7a7\" data-element_type=\"column\" data-settings=\"{&quot;background_background&quot;:&quot;classic&quot;}\">\n\t\t\t<div class=\"elementor-column-wrap elementor-element-populated\">\n\t\t\t\t\t\t\t<div class=\"elementor-widget-wrap\">\n\t\t\t\t\t\t<section class=\"elementor-section elementor-inner-section elementor-element elementor-element-7e30dea elementor-section-boxed elementor-section-height-default elementor-section-height-default\" data-id=\"7e30dea\" data-element_type=\"section\">\n\t\t\t\t\t\t<div class=\"elementor-container elementor-column-gap-default\">\n\t\t\t\t\t\t\t<div class=\"elementor-row\">\n\t\t\t\t\t<div class=\"elementor-column elementor-col-100 elementor-inner-column elementor-element elementor-element-bde062d\" data-id=\"bde062d\" data-element_type=\"column\">\n\t\t\t<div class=\"elementor-column-wrap elementor-element-populated\">\n\t\t\t\t\t\t\t<div class=\"elementor-widget-wrap\">\n\t\t\t\t\t\t<div class=\"elementor-element elementor-element-26508fc elementor-widget elementor-widget-spacer\" data-id=\"26508fc\" data-element_type=\"widget\" data-widget_type=\"spacer.default\">\n\t\t\t\t<div class=\"elementor-widget-container\">\n\t\t\t\t\t<div class=\"elementor-spacer\">\n\t\t\t<div class=\"elementor-spacer-inner\"><\/div>\n\t\t<\/div>\n\t\t\t\t<\/div>\n\t\t\t\t<\/div>\n\t\t\t\t<div class=\"elementor-element elementor-element-38e7f09 elementor-arrows-position-inside elementor-pagination-position-outside elementor-widget elementor-widget-image-carousel\" data-id=\"38e7f09\" data-element_type=\"widget\" data-settings=\"{&quot;slides_to_show&quot;:&quot;1&quot;,&quot;navigation&quot;:&quot;both&quot;,&quot;autoplay&quot;:&quot;yes&quot;,&quot;pause_on_hover&quot;:&quot;yes&quot;,&quot;pause_on_interaction&quot;:&quot;yes&quot;,&quot;autoplay_speed&quot;:5000,&quot;infinite&quot;:&quot;yes&quot;,&quot;effect&quot;:&quot;slide&quot;,&quot;speed&quot;:500}\" data-widget_type=\"image-carousel.default\">\n\t\t\t\t<div class=\"elementor-widget-container\">\n\t\t\t\t\t<div class=\"elementor-image-carousel-wrapper swiper-container\" dir=\"ltr\">\n\t\t\t<div class=\"elementor-image-carousel swiper-wrapper\">\n\t\t\t\t<div class=\"swiper-slide\"><figure class=\"swiper-slide-inner\"><img class=\"swiper-slide-image\" src=\"https:\/\/www.espivimon.com\/wp-content\/uploads\/2021\/07\/espvimonmecanica-1.jpg\" alt=\"espvimonmecanica\" \/><\/figure><\/div><div class=\"swiper-slide\"><figure class=\"swiper-slide-inner\"><img class=\"swiper-slide-image\" src=\"https:\/\/www.espivimon.com\/wp-content\/uploads\/2021\/06\/espivimon1.jpg\" alt=\"espivimon1\" \/><\/figure><\/div><div class=\"swiper-slide\"><figure class=\"swiper-slide-inner\"><img class=\"swiper-slide-image\" src=\"https:\/\/www.espivimon.com\/wp-content\/uploads\/2021\/06\/espivimon2.jpg\" alt=\"espivimon2\" \/><\/figure><\/div><div class=\"swiper-slide\"><figure class=\"swiper-slide-inner\"><img class=\"swiper-slide-image\" src=\"https:\/\/www.espivimon.com\/wp-content\/uploads\/2021\/06\/espivimon3.jpg\" alt=\"espivimon3\" \/><\/figure><\/div><div class=\"swiper-slide\"><figure class=\"swiper-slide-inner\"><img class=\"swiper-slide-image\" src=\"https:\/\/www.espivimon.com\/wp-content\/uploads\/2021\/06\/espivimon4.jpg\" alt=\"espivimon4\" \/><\/figure><\/div><div class=\"swiper-slide\"><figure class=\"swiper-slide-inner\"><img class=\"swiper-slide-image\" src=\"https:\/\/www.espivimon.com\/wp-content\/uploads\/2021\/06\/espivimon5.jpg\" alt=\"espivimon5\" \/><\/figure><\/div>\t\t\t<\/div>\n\t\t\t\t\t\t\t\t\t\t\t\t<div class=\"swiper-pagination\"><\/div>\n\t\t\t\t\t\t\t\t\t\t\t\t\t<div class=\"elementor-swiper-button elementor-swiper-button-prev\">\n\t\t\t\t\t\t<i class=\"eicon-chevron-left\" aria-hidden=\"true\"><\/i>\n\t\t\t\t\t\t<span class=\"elementor-screen-only\">Anterior<\/span>\n\t\t\t\t\t<\/div>\n\t\t\t\t\t<div class=\"elementor-swiper-button elementor-swiper-button-next\">\n\t\t\t\t\t\t<i class=\"eicon-chevron-right\" aria-hidden=\"true\"><\/i>\n\t\t\t\t\t\t<span class=\"elementor-screen-only\">Seg\u00fcent<\/span>\n\t\t\t\t\t<\/div>\n\t\t\t\t\t\t\t\t\t<\/div>\n\t\t\t\t<\/div>\n\t\t\t\t<\/div>\n\t\t\t\t\t\t<\/div>\n\t\t\t\t\t<\/div>\n\t\t<\/div>\n\t\t\t\t\t\t\t\t<\/div>\n\t\t\t\t\t<\/div>\n\t\t<\/section>\n\t\t\t\t\t\t<\/div>\n\t\t\t\t\t<\/div>\n\t\t<\/div>\n\t\t\t\t\t\t\t\t<\/div>\n\t\t\t\t\t<\/div>\n\t\t<\/section>\n\t\t\t\t<section class=\"elementor-section elementor-top-section elementor-element elementor-element-d67dc93 elementor-section-boxed elementor-section-height-default elementor-section-height-default\" data-id=\"d67dc93\" data-element_type=\"section\" data-settings=\"{&quot;background_background&quot;:&quot;classic&quot;}\">\n\t\t\t\t\t\t<div class=\"elementor-container elementor-column-gap-default\">\n\t\t\t\t\t\t\t<div class=\"elementor-row\">\n\t\t\t\t\t<div class=\"elementor-column elementor-col-100 elementor-top-column elementor-element elementor-element-d5c34dc\" data-id=\"d5c34dc\" data-element_type=\"column\">\n\t\t\t<div class=\"elementor-column-wrap elementor-element-populated\">\n\t\t\t\t\t\t\t<div class=\"elementor-widget-wrap\">\n\t\t\t\t\t\t<div class=\"elementor-element elementor-element-1597f62 elementor-widget elementor-widget-heading\" data-id=\"1597f62\" data-element_type=\"widget\" data-widget_type=\"heading.default\">\n\t\t\t\t<div class=\"elementor-widget-container\">\n\t\t\t<h3 class=\"elementor-heading-title elementor-size-default\">La nostra especialitat<\/h3>\t\t<\/div>\n\t\t\t\t<\/div>\n\t\t\t\t<div class=\"elementor-element-custom_font_size elementor-element-custom_font_family elementor-element-custom_font_weight elementor-element-custom_color elementor-element elementor-element-0dfba79 elementor-widget elementor-widget-text-editor\" data-id=\"0dfba79\" data-element_type=\"widget\" data-widget_type=\"text-editor.default\">\n\t\t\t\t<div class=\"elementor-widget-container\">\n\t\t\t\t\t\t\t\t<div class=\"elementor-text-editor elementor-clearfix\">\n\t\t\t\t\t<p>Especialitat en vehicles semi-industrials i flotes d&#8217;empresa<\/p>\t\t\t\t\t<\/div>\n\t\t\t\t\t\t<\/div>\n\t\t\t\t<\/div>\n\t\t\t\t<div class=\"elementor-element elementor-element-5cd5468 elementor-align-center elementor-widget elementor-widget-button\" data-id=\"5cd5468\" data-element_type=\"widget\" data-widget_type=\"button.default\">\n\t\t\t\t<div class=\"elementor-widget-container\">\n\t\t\t\t\t<div class=\"elementor-button-wrapper\">\n\t\t\t<a href=\"\/ca\/contacte\/\" class=\"elementor-button-link elementor-button elementor-size-sm\" role=\"button\">\n\t\t\t\t\t\t<span class=\"elementor-button-content-wrapper\">\n\t\t\t\t\t\t<span class=\"elementor-button-text\">Contacte<\/span>\n\t\t<\/span>\n\t\t\t\t\t<\/a>\n\t\t<\/div>\n\t\t\t\t<\/div>\n\t\t\t\t<\/div>\n\t\t\t\t\t\t<\/div>\n\t\t\t\t\t<\/div>\n\t\t<\/div>\n\t\t\t\t\t\t\t\t<\/div>\n\t\t\t\t\t<\/div>\n\t\t<\/section>\n\t\t\t\t\t\t<\/div>\n\t\t\t\t\t\t<\/div>\n\t\t\t\t\t<\/div>\n\t\t","protected":false},"excerpt":{"rendered":"<p>ESPIVIMON Empresa El 1987, Joan Espinar, despr\u00e9s d&#8217;un llarg temps de treballar en Garatge Ull\u00e9s, gr\u00e0cies a la seva experi\u00e8ncia acumulada i formaci\u00f3 en la mec\u00e0nica de l&#8217;autom\u00f2bil, va fundar Auto-taller espinar. El 2005 es va comen\u00e7ar a treballar com a Servei de l&#8217;automobil Espivimon i al setembre del 2007 s&#8217;inauguren les noves instal\u00b7lacions. El [&hellip;]<\/p>\n","protected":false},"author":1,"featured_media":0,"parent":0,"menu_order":0,"comment_status":"closed","ping_status":"closed","template":"","meta":[],"yoast_head":"<!-- This site is optimized with the Yoast SEO plugin v17.1 - https:\/\/yoast.com\/wordpress\/plugins\/seo\/ -->\n<title>Espivimon Taller mec\u00e0nic a Les Fonts de Terrassa<\/title>\n<meta name=\"description\" content=\"El nostre equip de mec\u00e0nics especialitzats estan preparats per resoldre qualsevol avaria del seu cotxe o autom\u00f2bil de forma \u00f2ptima.\" \/>\n<meta name=\"robots\" content=\"index, follow, max-snippet:-1, max-image-preview:large, max-video-preview:-1\" \/>\n<link rel=\"canonical\" href=\"https:\/\/www.espivimon.com\/ca\/empresa\/\" \/>\n<meta property=\"og:locale\" content=\"ca_ES\" \/>\n<meta property=\"og:type\" content=\"article\" \/>\n<meta property=\"og:title\" content=\"Espivimon Taller mec\u00e0nic a Les Fonts de Terrassa\" \/>\n<meta property=\"og:description\" content=\"El nostre equip de mec\u00e0nics especialitzats estan preparats per resoldre qualsevol avaria del seu cotxe o autom\u00f2bil de forma \u00f2ptima.\" \/>\n<meta property=\"og:url\" content=\"https:\/\/www.espivimon.com\/ca\/empresa\/\" \/>\n<meta property=\"og:site_name\" content=\"Espivimon\" \/>\n<meta property=\"article:modified_time\" content=\"2021-11-02T08:46:18+00:00\" \/>\n<meta property=\"og:image\" content=\"https:\/\/www.espivimon.com\/wp-content\/uploads\/2021\/07\/espvimonmecanica-1.jpg\" \/>\n<meta name=\"twitter:card\" content=\"summary_large_image\" \/>\n<meta name=\"twitter:label1\" content=\"Temps estimat de lectura\" \/>\n\t<meta name=\"twitter:data1\" content=\"3 minuts\" \/>\n<script type=\"application\/ld+json\" class=\"yoast-schema-graph\">{\"@context\":\"https:\/\/schema.org\",\"@graph\":[{\"@type\":\"WebSite\",\"@id\":\"https:\/\/www.espivimon.com\/#website\",\"url\":\"https:\/\/www.espivimon.com\/\",\"name\":\"Espivimon\",\"description\":\"\",\"potentialAction\":[{\"@type\":\"SearchAction\",\"target\":{\"@type\":\"EntryPoint\",\"urlTemplate\":\"https:\/\/www.espivimon.com\/?s={search_term_string}\"},\"query-input\":\"required name=search_term_string\"}],\"inLanguage\":\"ca\"},{\"@type\":\"ImageObject\",\"@id\":\"https:\/\/www.espivimon.com\/ca\/empresa\/#primaryimage\",\"inLanguage\":\"ca\",\"url\":\"https:\/\/www.espivimon.com\/wp-content\/uploads\/2021\/07\/espvimonmecanica-1.jpg\",\"contentUrl\":\"https:\/\/www.espivimon.com\/wp-content\/uploads\/2021\/07\/espvimonmecanica-1.jpg\",\"width\":800,\"height\":600},{\"@type\":\"WebPage\",\"@id\":\"https:\/\/www.espivimon.com\/ca\/empresa\/#webpage\",\"url\":\"https:\/\/www.espivimon.com\/ca\/empresa\/\",\"name\":\"Espivimon Taller mec\\u00e0nic a Les Fonts de Terrassa\",\"isPartOf\":{\"@id\":\"https:\/\/www.espivimon.com\/#website\"},\"primaryImageOfPage\":{\"@id\":\"https:\/\/www.espivimon.com\/ca\/empresa\/#primaryimage\"},\"datePublished\":\"2019-07-18T14:02:25+00:00\",\"dateModified\":\"2021-11-02T08:46:18+00:00\",\"description\":\"El nostre equip de mec\\u00e0nics especialitzats estan preparats per resoldre qualsevol avaria del seu cotxe o autom\\u00f2bil de forma \\u00f2ptima.\",\"breadcrumb\":{\"@id\":\"https:\/\/www.espivimon.com\/ca\/empresa\/#breadcrumb\"},\"inLanguage\":\"ca\",\"potentialAction\":[{\"@type\":\"ReadAction\",\"target\":[\"https:\/\/www.espivimon.com\/ca\/empresa\/\"]}]},{\"@type\":\"BreadcrumbList\",\"@id\":\"https:\/\/www.espivimon.com\/ca\/empresa\/#breadcrumb\",\"itemListElement\":[{\"@type\":\"ListItem\",\"position\":1,\"name\":\"Portada\",\"item\":\"https:\/\/www.espivimon.com\/ca\/\"},{\"@type\":\"ListItem\",\"position\":2,\"name\":\"Empresa\"}]}]}<\/script>\n<!-- \/ Yoast SEO plugin. -->","yoast_head_json":{"title":"Espivimon Taller mec\u00e0nic a Les Fonts de Terrassa","description":"El nostre equip de mec\u00e0nics especialitzats estan preparats per resoldre qualsevol avaria del seu cotxe o autom\u00f2bil de forma \u00f2ptima.","robots":{"index":"index","follow":"follow","max-snippet":"max-snippet:-1","max-image-preview":"max-image-preview:large","max-video-preview":"max-video-preview:-1"},"canonical":"https:\/\/www.espivimon.com\/ca\/empresa\/","og_locale":"ca_ES","og_type":"article","og_title":"Espivimon Taller mec\u00e0nic a Les Fonts de Terrassa","og_description":"El nostre equip de mec\u00e0nics especialitzats estan preparats per resoldre qualsevol avaria del seu cotxe o autom\u00f2bil de forma \u00f2ptima.","og_url":"https:\/\/www.espivimon.com\/ca\/empresa\/","og_site_name":"Espivimon","article_modified_time":"2021-11-02T08:46:18+00:00","og_image":[{"url":"https:\/\/www.espivimon.com\/wp-content\/uploads\/2021\/07\/espvimonmecanica-1.jpg"}],"twitter_card":"summary_large_image","twitter_misc":{"Temps estimat de lectura":"3 minuts"},"schema":{"@context":"https:\/\/schema.org","@graph":[{"@type":"WebSite","@id":"https:\/\/www.espivimon.com\/#website","url":"https:\/\/www.espivimon.com\/","name":"Espivimon","description":"","potentialAction":[{"@type":"SearchAction","target":{"@type":"EntryPoint","urlTemplate":"https:\/\/www.espivimon.com\/?s={search_term_string}"},"query-input":"required name=search_term_string"}],"inLanguage":"ca"},{"@type":"ImageObject","@id":"https:\/\/www.espivimon.com\/ca\/empresa\/#primaryimage","inLanguage":"ca","url":"https:\/\/www.espivimon.com\/wp-content\/uploads\/2021\/07\/espvimonmecanica-1.jpg","contentUrl":"https:\/\/www.espivimon.com\/wp-content\/uploads\/2021\/07\/espvimonmecanica-1.jpg","width":800,"height":600},{"@type":"WebPage","@id":"https:\/\/www.espivimon.com\/ca\/empresa\/#webpage","url":"https:\/\/www.espivimon.com\/ca\/empresa\/","name":"Espivimon Taller mec\u00e0nic a Les Fonts de Terrassa","isPartOf":{"@id":"https:\/\/www.espivimon.com\/#website"},"primaryImageOfPage":{"@id":"https:\/\/www.espivimon.com\/ca\/empresa\/#primaryimage"},"datePublished":"2019-07-18T14:02:25+00:00","dateModified":"2021-11-02T08:46:18+00:00","description":"El nostre equip de mec\u00e0nics especialitzats estan preparats per resoldre qualsevol avaria del seu cotxe o autom\u00f2bil de forma \u00f2ptima.","breadcrumb":{"@id":"https:\/\/www.espivimon.com\/ca\/empresa\/#breadcrumb"},"inLanguage":"ca","potentialAction":[{"@type":"ReadAction","target":["https:\/\/www.espivimon.com\/ca\/empresa\/"]}]},{"@type":"BreadcrumbList","@id":"https:\/\/www.espivimon.com\/ca\/empresa\/#breadcrumb","itemListElement":[{"@type":"ListItem","position":1,"name":"Portada","item":"https:\/\/www.espivimon.com\/ca\/"},{"@type":"ListItem","position":2,"name":"Empresa"}]}]}},"_links":{"self":[{"href":"https:\/\/www.espivimon.com\/ca\/wp-json\/wp\/v2\/pages\/15159"}],"collection":[{"href":"https:\/\/www.espivimon.com\/ca\/wp-json\/wp\/v2\/pages"}],"about":[{"href":"https:\/\/www.espivimon.com\/ca\/wp-json\/wp\/v2\/types\/page"}],"author":[{"embeddable":true,"href":"https:\/\/www.espivimon.com\/ca\/wp-json\/wp\/v2\/users\/1"}],"replies":[{"embeddable":true,"href":"https:\/\/www.espivimon.com\/ca\/wp-json\/wp\/v2\/comments?post=15159"}],"version-history":[{"count":10,"href":"https:\/\/www.espivimon.com\/ca\/wp-json\/wp\/v2\/pages\/15159\/revisions"}],"predecessor-version":[{"id":15342,"href":"https:\/\/www.espivimon.com\/ca\/wp-json\/wp\/v2\/pages\/15159\/revisions\/15342"}],"wp:attachment":[{"href":"https:\/\/www.espivimon.com\/ca\/wp-json\/wp\/v2\/media?parent=15159"}],"curies":[{"name":"wp","href":"https:\/\/api.w.org\/{rel}","templated":true}]}}